{"id":307,"date":"2021-08-04T15:20:19","date_gmt":"2021-08-04T15:20:19","guid":{"rendered":"https:\/\/epiteszet.winergy.hu\/?page_id=307"},"modified":"2022-04-26T18:14:55","modified_gmt":"2022-04-26T18:14:55","slug":"impresszum","status":"publish","type":"page","link":"https:\/\/epiteszet.winergy.hu\/en\/impresszum\/","title":{"rendered":"About us"},"content":{"rendered":"[et_pb_section fb_built=&#8221;1&#8243; admin_label=&#8221;Hero Section&#8221; _builder_version=&#8221;3.22&#8243; custom_padding=&#8221;0|0px|0px|0px&#8221;][et_pb_row column_structure=&#8221;1_2,1_2&#8243; use_custom_gutter=&#8221;on&#8221; make_equal=&#8221;on&#8221; _builder_version=&#8221;4.9.10&#8243; width=&#8221;100%&#8221; max_width=&#8221;100%&#8221; custom_padding=&#8221;0px|0|0px|&#8221; use_custom_width=&#8221;on&#8221; width_unit=&#8221;off&#8221; custom_width_percent=&#8221;100%&#8221;][et_pb_column type=&#8221;1_2&#8243; _builder_version=&#8221;3.25&#8243; custom_padding=&#8221;200px|4%|200px|8%&#8221; custom_padding_tablet=&#8221;60px|10%|60px|10%&#8221; custom_padding_phone=&#8221;&#8221; custom_padding_last_edited=&#8221;on|tablet&#8221; padding_tablet=&#8221;60px|10%|60px|10%&#8221; padding_last_edited=&#8221;on|tablet&#8221; custom_padding__hover=&#8221;|||&#8221;][et_pb_text _builder_version=&#8221;4.9.10&#8243; text_font=&#8221;Karla||||||||&#8221; text_font_size=&#8221;18px&#8221; text_line_height=&#8221;1.8em&#8221; header_font=&#8221;Cormorant Garamond||||||||&#8221; header_font_size=&#8221;56px&#8221; header_line_height=&#8221;1.4em&#8221; max_width=&#8221;600px&#8221; header_font_size_tablet=&#8221;40px&#8221; header_font_size_phone=&#8221;&#8221; header_font_size_last_edited=&#8221;on|tablet&#8221; locked=&#8221;off&#8221;]<h1>About us<\/h1>[\/et_pb_text][et_pb_text _builder_version=&#8221;4.9.10&#8243; text_font=&#8221;Karla||||||||&#8221; text_font_size=&#8221;18px&#8221; text_line_height=&#8221;1.8em&#8221; header_font=&#8221;Cormorant Garamond||||||||&#8221; header_font_size=&#8221;56px&#8221; header_line_height=&#8221;1.4em&#8221; max_width=&#8221;600px&#8221; hover_enabled=&#8221;0&#8243; header_font_size_tablet=&#8221;40px&#8221; header_font_size_phone=&#8221;&#8221; header_font_size_last_edited=&#8221;on|tablet&#8221; locked=&#8221;off&#8221; sticky_enabled=&#8221;0&#8243;]<p><strong>Company Name:<\/strong><span>\u00a0<\/span>Winergy Kft.<\/p>\n<p class=\"translation-block\"><strong>Address:<\/strong><span>\u00a0<\/span>1034 Budapest, B\u00e9csi \u00fat 100.<\/p>\n<p><strong>Email:<\/strong><span>\u00a0<a href=\"mailto:info@winergy.hu\">info@winergy.hu<\/a><\/span><\/p>\n<p><strong>Registering Authority:<\/strong><span>\u00a0<\/span>Budapest Court of Registration<\/p>\n<p><strong>Company Registration Number:<\/strong><span>\u00a001-09-324668<\/span><\/p>\n<p><strong>Tax Number:<\/strong><span>\u00a025708035-2-41<\/span><\/p>\n<p><strong>Chamber:<\/strong><span>\u00a0<\/span>Budapest Chamber of Commerce and Industry (BKIK)<\/p>\n<p><strong>Hosting Provider:<\/strong><span>\u00a0WebHostIcon Hosting and Domain Service Ltd.<\/span><\/p>\n<p><strong>Facebook: <\/strong><a href=\"https:\/\/www.facebook.com\/winergymernokiroda\">https:\/\/www.facebook.com\/winergymernokiroda<\/a><\/p>\n<p><strong>Instagram: <\/strong><a href=\"https:\/\/www.instagram.com\/winergy_az_energiatudatos_jovo\/\">https:\/\/www.instagram.com\/winergy_az_energiatudatos_jovo\/<\/a><\/p>\n<p><strong>LinkedIn: <\/strong><a href=\"https:\/\/hu.linkedin.com\/company\/winergy-kft\">https:\/\/hu.linkedin.com\/company\/winergy-kft<\/a><\/p>[\/et_pb_text][\/et_pb_column][et_pb_column type=&#8221;1_2&#8243; _builder_version=&#8221;4.9.10&#8243; background_color=&#8221;#121212&#8243; use_background_color_gradient=&#8221;on&#8221; background_color_gradient_start=&#8221;rgba(18,18,18,0.5)&#8221; background_color_gradient_end=&#8221;#121212&#8243; background_color_gradient_overlays_image=&#8221;on&#8221; background_image=&#8221;https:\/\/epiteszet.winergy.hu\/wp-content\/uploads\/2021\/08\/redner13.jpg&#8221; custom_padding=&#8221;100px||100px|&#8221; custom_padding_tablet=&#8221;60px||60px|&#8221; custom_padding_phone=&#8221;&#8221; custom_padding_last_edited=&#8221;on|desktop&#8221; padding_tablet=&#8221;60px||60px|&#8221; padding_last_edited=&#8221;on|desktop&#8221; custom_padding__hover=&#8221;|||&#8221;][et_pb_divider show_divider=&#8221;off&#8221; _builder_version=&#8221;3.2&#8243; height=&#8221;100px&#8221;][\/et_pb_divider][\/et_pb_column][\/et_pb_row][\/et_pb_section]","protected":false},"excerpt":{"rendered":"<p>ImpresszumC\u00e9gn\u00e9v:\u00a0Winergy Kft. C\u00edm:\u00a01034 Budapest, B\u00e9csi \u00fat 100. E-mail:\u00a0info@winergy.hu A c\u00e9get bejegyz\u0151 hat\u00f3s\u00e1g:\u00a0F\u0151v\u00e1rosi C\u00e9gb\u00edr\u00f3s\u00e1g C\u00e9gjegyz\u00e9ksz\u00e1m:\u00a001-09-324668 Ad\u00f3sz\u00e1m:\u00a025708035-2-41 Kamara:\u00a0Budapesti Kereskedelmi \u00e9s Iparkamara (BKIK) T\u00e1rhelyszolg\u00e1ltat\u00f3:\u00a0WebHostIcon T\u00e1rhely- \u00e9s Domain Szolg\u00e1ltat\u00f3 Kft. Facebook: https:\/\/www.facebook.com\/winergymernokiroda Instagram: https:\/\/www.instagram.com\/winergy_az_energiatudatos_jovo\/ LinkedIn: https:\/\/hu.linkedin.com\/company\/winergy-kft<\/p>","protected":false},"author":1,"featured_media":0,"parent":0,"menu_order":0,"comment_status":"closed","ping_status":"closed","template":"","meta":{"_et_pb_use_builder":"on","_et_pb_old_content":"","_et_gb_content_width":"","footnotes":""},"class_list":["post-307","page","type-page","status-publish","hentry"],"yoast_head":"<!-- This site is optimized with the Yoast SEO plugin v27.6 - https:\/\/yoast.com\/product\/yoast-seo-wordpress\/ -->\n<title>Impresszum - epiteszet.winergy.hu<\/title>\n<meta name=\"robots\" content=\"noindex, follow\" \/>\n<meta property=\"og:locale\" content=\"en_US\" \/>\n<meta property=\"og:type\" content=\"article\" \/>\n<meta property=\"og:title\" content=\"Impresszum - epiteszet.winergy.hu\" \/>\n<meta property=\"og:description\" content=\"ImpresszumC\u00e9gn\u00e9v:\u00a0Winergy Kft. C\u00edm:\u00a01034 Budapest, B\u00e9csi \u00fat 100. E-mail:\u00a0info@winergy.hu A c\u00e9get bejegyz\u0151 hat\u00f3s\u00e1g:\u00a0F\u0151v\u00e1rosi C\u00e9gb\u00edr\u00f3s\u00e1g C\u00e9gjegyz\u00e9ksz\u00e1m:\u00a001-09-324668 Ad\u00f3sz\u00e1m:\u00a025708035-2-41 Kamara:\u00a0Budapesti Kereskedelmi \u00e9s Iparkamara (BKIK) T\u00e1rhelyszolg\u00e1ltat\u00f3:\u00a0WebHostIcon T\u00e1rhely- \u00e9s Domain Szolg\u00e1ltat\u00f3 Kft. Facebook: https:\/\/www.facebook.com\/winergymernokiroda Instagram: https:\/\/www.instagram.com\/winergy_az_energiatudatos_jovo\/ LinkedIn: https:\/\/hu.linkedin.com\/company\/winergy-kft\" \/>\n<meta property=\"og:url\" content=\"https:\/\/epiteszet.winergy.hu\/en\/impresszum\/\" \/>\n<meta property=\"og:site_name\" content=\"epiteszet.winergy.hu\" \/>\n<meta property=\"article:publisher\" content=\"https:\/\/www.facebook.com\/winergymernokiroda\" \/>\n<meta property=\"article:modified_time\" content=\"2022-04-26T18:14:55+00:00\" \/>\n<meta name=\"twitter:card\" content=\"summary_large_image\" \/>\n<meta name=\"twitter:label1\" content=\"Est. reading time\" \/>\n\t<meta name=\"twitter:data1\" content=\"1 minute\" \/>\n<script type=\"application\/ld+json\" class=\"yoast-schema-graph\">{\"@context\":\"https:\\\/\\\/schema.org\",\"@graph\":[{\"@type\":\"WebPage\",\"@id\":\"https:\\\/\\\/epiteszet.winergy.hu\\\/impresszum\\\/\",\"url\":\"https:\\\/\\\/epiteszet.winergy.hu\\\/impresszum\\\/\",\"name\":\"Impresszum - epiteszet.winergy.hu\",\"isPartOf\":{\"@id\":\"https:\\\/\\\/epiteszet.winergy.hu\\\/#website\"},\"datePublished\":\"2021-08-04T15:20:19+00:00\",\"dateModified\":\"2022-04-26T18:14:55+00:00\",\"breadcrumb\":{\"@id\":\"https:\\\/\\\/epiteszet.winergy.hu\\\/impresszum\\\/#breadcrumb\"},\"inLanguage\":\"en-US\",\"potentialAction\":[{\"@type\":\"ReadAction\",\"target\":[\"https:\\\/\\\/epiteszet.winergy.hu\\\/impresszum\\\/\"]}]},{\"@type\":\"BreadcrumbList\",\"@id\":\"https:\\\/\\\/epiteszet.winergy.hu\\\/impresszum\\\/#breadcrumb\",\"itemListElement\":[{\"@type\":\"ListItem\",\"position\":1,\"name\":\"Kezd\u0151lap\",\"item\":\"https:\\\/\\\/epiteszet.winergy.hu\\\/\"},{\"@type\":\"ListItem\",\"position\":2,\"name\":\"Impresszum\"}]},{\"@type\":\"WebSite\",\"@id\":\"https:\\\/\\\/epiteszet.winergy.hu\\\/#website\",\"url\":\"https:\\\/\\\/epiteszet.winergy.hu\\\/\",\"name\":\"epiteszet.winergy.hu\",\"description\":\"Winergy \u00e9p\u00edt\u00e9szet\",\"publisher\":{\"@id\":\"https:\\\/\\\/epiteszet.winergy.hu\\\/#organization\"},\"potentialAction\":[{\"@type\":\"SearchAction\",\"target\":{\"@type\":\"EntryPoint\",\"urlTemplate\":\"https:\\\/\\\/epiteszet.winergy.hu\\\/?s={search_term_string}\"},\"query-input\":{\"@type\":\"PropertyValueSpecification\",\"valueRequired\":true,\"valueName\":\"search_term_string\"}}],\"inLanguage\":\"en-US\"},{\"@type\":\"Organization\",\"@id\":\"https:\\\/\\\/epiteszet.winergy.hu\\\/#organization\",\"name\":\"Winergy \u00c9p\u00edt\u00e9szet\",\"url\":\"https:\\\/\\\/epiteszet.winergy.hu\\\/\",\"logo\":{\"@type\":\"ImageObject\",\"inLanguage\":\"en-US\",\"@id\":\"https:\\\/\\\/epiteszet.winergy.hu\\\/#\\\/schema\\\/logo\\\/image\\\/\",\"url\":\"https:\\\/\\\/epiteszet.winergy.hu\\\/wp-content\\\/uploads\\\/2021\\\/09\\\/logo-epiteszet.svg\",\"contentUrl\":\"https:\\\/\\\/epiteszet.winergy.hu\\\/wp-content\\\/uploads\\\/2021\\\/09\\\/logo-epiteszet.svg\",\"width\":595.2,\"height\":150.5,\"caption\":\"Winergy \u00c9p\u00edt\u00e9szet\"},\"image\":{\"@id\":\"https:\\\/\\\/epiteszet.winergy.hu\\\/#\\\/schema\\\/logo\\\/image\\\/\"},\"sameAs\":[\"https:\\\/\\\/www.facebook.com\\\/winergymernokiroda\",\"https:\\\/\\\/www.instagram.com\\\/winergy_az_energiatudatos_jovo\\\/\",\"https:\\\/\\\/hu.linkedin.com\\\/company\\\/winergy-kft\"]}]}<\/script>\n<!-- \/ Yoast SEO plugin. -->","yoast_head_json":{"title":"Impresszum - epiteszet.winergy.hu","robots":{"index":"noindex","follow":"follow"},"og_locale":"en_US","og_type":"article","og_title":"Impresszum - epiteszet.winergy.hu","og_description":"ImpresszumC\u00e9gn\u00e9v:\u00a0Winergy Kft. C\u00edm:\u00a01034 Budapest, B\u00e9csi \u00fat 100. E-mail:\u00a0info@winergy.hu A c\u00e9get bejegyz\u0151 hat\u00f3s\u00e1g:\u00a0F\u0151v\u00e1rosi C\u00e9gb\u00edr\u00f3s\u00e1g C\u00e9gjegyz\u00e9ksz\u00e1m:\u00a001-09-324668 Ad\u00f3sz\u00e1m:\u00a025708035-2-41 Kamara:\u00a0Budapesti Kereskedelmi \u00e9s Iparkamara (BKIK) T\u00e1rhelyszolg\u00e1ltat\u00f3:\u00a0WebHostIcon T\u00e1rhely- \u00e9s Domain Szolg\u00e1ltat\u00f3 Kft. Facebook: https:\/\/www.facebook.com\/winergymernokiroda Instagram: https:\/\/www.instagram.com\/winergy_az_energiatudatos_jovo\/ LinkedIn: https:\/\/hu.linkedin.com\/company\/winergy-kft","og_url":"https:\/\/epiteszet.winergy.hu\/en\/impresszum\/","og_site_name":"epiteszet.winergy.hu","article_publisher":"https:\/\/www.facebook.com\/winergymernokiroda","article_modified_time":"2022-04-26T18:14:55+00:00","twitter_card":"summary_large_image","twitter_misc":{"Est. reading time":"1 minute"},"schema":{"@context":"https:\/\/schema.org","@graph":[{"@type":"WebPage","@id":"https:\/\/epiteszet.winergy.hu\/impresszum\/","url":"https:\/\/epiteszet.winergy.hu\/impresszum\/","name":"Impresszum - epiteszet.winergy.hu","isPartOf":{"@id":"https:\/\/epiteszet.winergy.hu\/#website"},"datePublished":"2021-08-04T15:20:19+00:00","dateModified":"2022-04-26T18:14:55+00:00","breadcrumb":{"@id":"https:\/\/epiteszet.winergy.hu\/impresszum\/#breadcrumb"},"inLanguage":"en-US","potentialAction":[{"@type":"ReadAction","target":["https:\/\/epiteszet.winergy.hu\/impresszum\/"]}]},{"@type":"BreadcrumbList","@id":"https:\/\/epiteszet.winergy.hu\/impresszum\/#breadcrumb","itemListElement":[{"@type":"ListItem","position":1,"name":"Kezd\u0151lap","item":"https:\/\/epiteszet.winergy.hu\/"},{"@type":"ListItem","position":2,"name":"Impresszum"}]},{"@type":"WebSite","@id":"https:\/\/epiteszet.winergy.hu\/#website","url":"https:\/\/epiteszet.winergy.hu\/","name":"epiteszet.winergy.hu","description":"Winergy Architecture","publisher":{"@id":"https:\/\/epiteszet.winergy.hu\/#organization"},"potentialAction":[{"@type":"SearchAction","target":{"@type":"EntryPoint","urlTemplate":"https:\/\/epiteszet.winergy.hu\/?s={search_term_string}"},"query-input":{"@type":"PropertyValueSpecification","valueRequired":true,"valueName":"search_term_string"}}],"inLanguage":"en-US"},{"@type":"Organization","@id":"https:\/\/epiteszet.winergy.hu\/#organization","name":"Winergy \u00c9p\u00edt\u00e9szet","url":"https:\/\/epiteszet.winergy.hu\/","logo":{"@type":"ImageObject","inLanguage":"en-US","@id":"https:\/\/epiteszet.winergy.hu\/#\/schema\/logo\/image\/","url":"https:\/\/epiteszet.winergy.hu\/wp-content\/uploads\/2021\/09\/logo-epiteszet.svg","contentUrl":"https:\/\/epiteszet.winergy.hu\/wp-content\/uploads\/2021\/09\/logo-epiteszet.svg","width":595.2,"height":150.5,"caption":"Winergy \u00c9p\u00edt\u00e9szet"},"image":{"@id":"https:\/\/epiteszet.winergy.hu\/#\/schema\/logo\/image\/"},"sameAs":["https:\/\/www.facebook.com\/winergymernokiroda","https:\/\/www.instagram.com\/winergy_az_energiatudatos_jovo\/","https:\/\/hu.linkedin.com\/company\/winergy-kft"]}]}},"_links":{"self":[{"href":"https:\/\/epiteszet.winergy.hu\/en\/wp-json\/wp\/v2\/pages\/307","targetHints":{"allow":["GET"]}}],"collection":[{"href":"https:\/\/epiteszet.winergy.hu\/en\/wp-json\/wp\/v2\/pages"}],"about":[{"href":"https:\/\/epiteszet.winergy.hu\/en\/wp-json\/wp\/v2\/types\/page"}],"author":[{"embeddable":true,"href":"https:\/\/epiteszet.winergy.hu\/en\/wp-json\/wp\/v2\/users\/1"}],"replies":[{"embeddable":true,"href":"https:\/\/epiteszet.winergy.hu\/en\/wp-json\/wp\/v2\/comments?post=307"}],"version-history":[{"count":4,"href":"https:\/\/epiteszet.winergy.hu\/en\/wp-json\/wp\/v2\/pages\/307\/revisions"}],"predecessor-version":[{"id":2359,"href":"https:\/\/epiteszet.winergy.hu\/en\/wp-json\/wp\/v2\/pages\/307\/revisions\/2359"}],"wp:attachment":[{"href":"https:\/\/epiteszet.winergy.hu\/en\/wp-json\/wp\/v2\/media?parent=307"}],"curies":[{"name":"wp","href":"https:\/\/api.w.org\/{rel}","templated":true}]}}