{"id":311,"date":"2021-08-04T15:33:58","date_gmt":"2021-08-04T15:33:58","guid":{"rendered":"https:\/\/epiteszet.winergy.hu\/?page_id=311"},"modified":"2022-04-26T12:37:54","modified_gmt":"2022-04-26T12:37:54","slug":"suti-cookie-kezeles","status":"publish","type":"page","link":"https:\/\/epiteszet.winergy.hu\/en\/suti-cookie-kezeles\/","title":{"rendered":"Cookie Policy"},"content":{"rendered":"[et_pb_section fb_built=&#8221;1&#8243; admin_label=&#8221;Hero Section&#8221; _builder_version=&#8221;3.22&#8243; custom_padding=&#8221;0|0px|0px|0px&#8221;][et_pb_row column_structure=&#8221;1_2,1_2&#8243; use_custom_gutter=&#8221;on&#8221; make_equal=&#8221;on&#8221; _builder_version=&#8221;4.9.10&#8243; width=&#8221;100%&#8221; max_width=&#8221;100%&#8221; custom_padding=&#8221;0px|0|0px|&#8221; use_custom_width=&#8221;on&#8221; width_unit=&#8221;off&#8221; custom_width_percent=&#8221;100%&#8221;][et_pb_column type=&#8221;1_2&#8243; _builder_version=&#8221;3.25&#8243; custom_padding=&#8221;200px|4%|200px|8%&#8221; custom_padding_tablet=&#8221;60px|10%|60px|10%&#8221; custom_padding_phone=&#8221;&#8221; custom_padding_last_edited=&#8221;on|tablet&#8221; padding_tablet=&#8221;60px|10%|60px|10%&#8221; padding_last_edited=&#8221;on|tablet&#8221; custom_padding__hover=&#8221;|||&#8221;][et_pb_text _builder_version=&#8221;4.9.10&#8243; text_font=&#8221;Karla||||||||&#8221; text_font_size=&#8221;18px&#8221; text_line_height=&#8221;1.8em&#8221; header_font=&#8221;Cormorant Garamond||||||||&#8221; header_font_size=&#8221;56px&#8221; header_line_height=&#8221;1.4em&#8221; max_width=&#8221;600px&#8221; header_font_size_tablet=&#8221;40px&#8221; header_font_size_phone=&#8221;&#8221; header_font_size_last_edited=&#8221;on|tablet&#8221; locked=&#8221;off&#8221;]<h1><strong>COOKIE MANAGEMENT<\/strong><\/h1>\n<p>&nbsp;<\/p>[\/et_pb_text][\/et_pb_column][et_pb_column type=&#8221;1_2&#8243; _builder_version=&#8221;4.9.10&#8243; background_color=&#8221;#121212&#8243; use_background_color_gradient=&#8221;on&#8221; background_color_gradient_start=&#8221;rgba(18,18,18,0.5)&#8221; background_color_gradient_end=&#8221;#121212&#8243; background_color_gradient_overlays_image=&#8221;on&#8221; background_image=&#8221;https:\/\/epiteszet.winergy.hu\/wp-content\/uploads\/2021\/08\/belter-renderkep-1.jpg&#8221; custom_padding=&#8221;100px||100px|&#8221; custom_padding_tablet=&#8221;60px||60px|&#8221; custom_padding_phone=&#8221;&#8221; custom_padding_last_edited=&#8221;on|desktop&#8221; padding_tablet=&#8221;60px||60px|&#8221; padding_last_edited=&#8221;on|desktop&#8221; custom_padding__hover=&#8221;|||&#8221;][et_pb_divider show_divider=&#8221;off&#8221; _builder_version=&#8221;3.2&#8243; height=&#8221;100px&#8221;][\/et_pb_divider][\/et_pb_column][\/et_pb_row][\/et_pb_section][et_pb_section fb_built=&#8221;1&#8243; admin_label=&#8221;Services&#8221; _builder_version=&#8221;3.22&#8243; background_color=&#8221;#121212&#8243; custom_padding=&#8221;100px|0px|100px|0px&#8221;][et_pb_row _builder_version=&#8221;3.25&#8243; custom_margin=&#8221;|||&#8221; custom_padding=&#8221;27px|0px|0|0px&#8221; border_color_all=&#8221;#1a1a1a&#8221;][et_pb_column type=&#8221;4_4&#8243; _builder_version=&#8221;3.25&#8243; custom_padding=&#8221;|||&#8221; custom_padding__hover=&#8221;|||&#8221;][et_pb_text _builder_version=&#8221;4.9.10&#8243; text_font=&#8221;Karla||||||||&#8221; text_font_size=&#8221;18px&#8221; text_line_height=&#8221;1.8em&#8221; header_font=&#8221;Cormorant Garamond||||||||&#8221; header_font_size=&#8221;56px&#8221; header_line_height=&#8221;1.4em&#8221; hover_enabled=&#8221;0&#8243; header_font_size_tablet=&#8221;40px&#8221; header_font_size_phone=&#8221;&#8221; header_font_size_last_edited=&#8221;on|tablet&#8221; locked=&#8221;off&#8221; sticky_enabled=&#8221;0&#8243;]<div class=\"et_pb_module et_pb_text et_pb_text_1  et_pb_text_align_left et_pb_bg_layout_light\">\n<div class=\"et_pb_text_inner\">\n<p style=\"text-align: justify;\"><span>This website uses cookies. Cookies are used to personalize content and advertisements, provide social media features, and analyze website traffic. Additionally, we share information about your use of our website with our social media, advertising, and analytics partners, who may combine it with other information you have provided to them or that they have collected from your use of their services.<\/span><\/p>\n<p style=\"text-align: justify;\"><span>Cookies are small text files that a website can use to enhance user experience. According to the law, we can store cookies on your device if they are strictly necessary for the operation of our website. For all other types of cookies, we require your permission.\n<br>\nThis website uses various types of cookies. Some cookies are placed by third-party service providers appearing on our site.<\/span><\/p>\n<p style=\"text-align: justify;\"><span>You can modify or withdraw your consent to the Cookie Declaration on our website at any time.<\/span><\/p>\n<p style=\"text-align: justify;\">Our website uses only essential cookies. Essential cookies help make our website usable by enabling basic functions, such as page navigation and access to secure areas of the website. The website cannot function properly without these cookies.<\/p>\n<\/div>\n<\/div>[\/et_pb_text][et_pb_text _builder_version=&#8221;4.9.10&#8243; text_font=&#8221;Karla||||||||&#8221; text_font_size=&#8221;18px&#8221; text_line_height=&#8221;1.8em&#8221; header_font=&#8221;Cormorant Garamond||||||||&#8221; header_font_size=&#8221;56px&#8221; header_line_height=&#8221;1.4em&#8221; hover_enabled=&#8221;0&#8243; header_font_size_tablet=&#8221;40px&#8221; header_font_size_phone=&#8221;&#8221; header_font_size_last_edited=&#8221;on|tablet&#8221; locked=&#8221;off&#8221; sticky_enabled=&#8221;0&#8243; custom_css_main_element=&#8221;overflow-x:auto;&#8221;]<div class=\"et_pb_module et_pb_text et_pb_text_1  et_pb_text_align_left et_pb_bg_layout_light\">\n<div class=\"et_pb_text_inner\">\n<p style=\"text-align: justify;\">\n<\/div>\n<\/div>\n<div class=\"et_pb_module et_pb_text et_pb_text_2  et_pb_text_align_left et_pb_bg_layout_light\">\n<div class=\"et_pb_text_inner\">\n<table id=\"CybotCookiebotDialogDetailTableNecessary\" class=\"CybotCookiebotDialogDetailBodyContentCookieTypeTable\">\n<thead>\n<tr>\n<th scope=\"col\">Name<\/th>\n<th scope=\"col\">Provider<\/th>\n<th scope=\"col\">Purpose<\/th>\n<th scope=\"col\">Expiration<\/th>\n<th scope=\"col\">Type<\/th>\n<\/tr>\n<\/thead>\n<tbody>\n<tr style=\"text-align: justify;\">\n<td title=\"CookieConsent\">CookieConsent<\/td>\n<td><a href=\"https:\/\/www.cookiebot.com\/goto\/privacy-policy\/\" target=\"_blank\" rel=\"noopener noreferrer nofollow\" title=\"A(z) Cookiebot adatv\u00e9delmi ir\u00e1nyelve\">Cookiebot<\/a><\/td>\n<td title=\"Stores the user's cookie consent state for the current domain\">Stores the user\u2019s cookie consent state for the current domain<\/td>\n<td title=\"1 \u00e9v\">1 \u00e9v<\/td>\n<td title=\"HTTP\">HTTP<\/td>\n<\/tr>\n<tr>\n<td title=\"wordpress_test_cookie\" style=\"text-align: justify;\">wordpress_test_cookie<\/td>\n<td style=\"text-align: justify;\">winergy.hu<\/td>\n<td title=\"Used to check if the user's browser supports cookies.\" style=\"text-align: justify;\">Used to check if the user\u2019s browser supports cookies.<\/td>\n<td title=\"Session\" style=\"text-align: justify;\">Session<\/td>\n<td title=\"HTTP\" style=\"text-align: justify;\">HTTP<\/td>\n<\/tr>\n<\/tbody>\n<\/table>\n<\/div>\n<\/div>[\/et_pb_text][\/et_pb_column][\/et_pb_row][\/et_pb_section]","protected":false},"excerpt":{"rendered":"<p>S\u00dcTI (COOKIE) KEZEL\u00c9S &nbsp; Ez a weboldal s\u00fctiket haszn\u00e1l. S\u00fctiket haszn\u00e1lunk a tartalmak \u00e9s hirdet\u00e9sek szem\u00e9lyre szab\u00e1s\u00e1hoz, k\u00f6z\u00f6ss\u00e9gi funkci\u00f3k biztos\u00edt\u00e1s\u00e1hoz, valamint weboldalforgalmunk elemz\u00e9s\u00e9hez. Ezenk\u00edv\u00fcl k\u00f6z\u00f6ss\u00e9gi m\u00e9dia-, hirdet\u0151- \u00e9s elemez\u0151 partnereinkkel megosztjuk az \u00d6n weboldalhaszn\u00e1latra vonatkoz\u00f3 adatait, akik kombin\u00e1lhatj\u00e1k az adatokat m\u00e1s olyan adatokkal, amelyeket \u00d6n adott meg sz\u00e1mukra vagy az \u00d6n \u00e1ltal haszn\u00e1lt m\u00e1s szolg\u00e1ltat\u00e1sokb\u00f3l [&hellip;]<\/p>","protected":false},"author":1,"featured_media":0,"parent":0,"menu_order":0,"comment_status":"closed","ping_status":"closed","template":"","meta":{"_et_pb_use_builder":"on","_et_pb_old_content":"","_et_gb_content_width":"","footnotes":""},"class_list":["post-311","page","type-page","status-publish","hentry"],"yoast_head":"<!-- This site is optimized with the Yoast SEO plugin v27.6 - https:\/\/yoast.com\/product\/yoast-seo-wordpress\/ -->\n<title>S\u00fcti (Cookie) kezel\u00e9s - epiteszet.winergy.hu<\/title>\n<meta name=\"robots\" content=\"noindex, follow\" \/>\n<meta property=\"og:locale\" content=\"en_US\" \/>\n<meta property=\"og:type\" content=\"article\" \/>\n<meta property=\"og:title\" content=\"S\u00fcti (Cookie) kezel\u00e9s - epiteszet.winergy.hu\" \/>\n<meta property=\"og:description\" content=\"S\u00dcTI (COOKIE) KEZEL\u00c9S &nbsp; Ez a weboldal s\u00fctiket haszn\u00e1l. S\u00fctiket haszn\u00e1lunk a tartalmak \u00e9s hirdet\u00e9sek szem\u00e9lyre szab\u00e1s\u00e1hoz, k\u00f6z\u00f6ss\u00e9gi funkci\u00f3k biztos\u00edt\u00e1s\u00e1hoz, valamint weboldalforgalmunk elemz\u00e9s\u00e9hez. Ezenk\u00edv\u00fcl k\u00f6z\u00f6ss\u00e9gi m\u00e9dia-, hirdet\u0151- \u00e9s elemez\u0151 partnereinkkel megosztjuk az \u00d6n weboldalhaszn\u00e1latra vonatkoz\u00f3 adatait, akik kombin\u00e1lhatj\u00e1k az adatokat m\u00e1s olyan adatokkal, amelyeket \u00d6n adott meg sz\u00e1mukra vagy az \u00d6n \u00e1ltal haszn\u00e1lt m\u00e1s szolg\u00e1ltat\u00e1sokb\u00f3l [&hellip;]\" \/>\n<meta property=\"og:url\" content=\"https:\/\/epiteszet.winergy.hu\/en\/suti-cookie-kezeles\/\" \/>\n<meta property=\"og:site_name\" content=\"epiteszet.winergy.hu\" \/>\n<meta property=\"article:publisher\" content=\"https:\/\/www.facebook.com\/winergymernokiroda\" \/>\n<meta property=\"article:modified_time\" content=\"2022-04-26T12:37:54+00:00\" \/>\n<meta name=\"twitter:card\" content=\"summary_large_image\" \/>\n<meta name=\"twitter:label1\" content=\"Est. reading time\" \/>\n\t<meta name=\"twitter:data1\" content=\"2 minutes\" \/>\n<script type=\"application\/ld+json\" class=\"yoast-schema-graph\">{\"@context\":\"https:\\\/\\\/schema.org\",\"@graph\":[{\"@type\":\"WebPage\",\"@id\":\"https:\\\/\\\/epiteszet.winergy.hu\\\/suti-cookie-kezeles\\\/\",\"url\":\"https:\\\/\\\/epiteszet.winergy.hu\\\/suti-cookie-kezeles\\\/\",\"name\":\"S\u00fcti (Cookie) kezel\u00e9s - epiteszet.winergy.hu\",\"isPartOf\":{\"@id\":\"https:\\\/\\\/epiteszet.winergy.hu\\\/#website\"},\"datePublished\":\"2021-08-04T15:33:58+00:00\",\"dateModified\":\"2022-04-26T12:37:54+00:00\",\"breadcrumb\":{\"@id\":\"https:\\\/\\\/epiteszet.winergy.hu\\\/suti-cookie-kezeles\\\/#breadcrumb\"},\"inLanguage\":\"en-US\",\"potentialAction\":[{\"@type\":\"ReadAction\",\"target\":[\"https:\\\/\\\/epiteszet.winergy.hu\\\/suti-cookie-kezeles\\\/\"]}]},{\"@type\":\"BreadcrumbList\",\"@id\":\"https:\\\/\\\/epiteszet.winergy.hu\\\/suti-cookie-kezeles\\\/#breadcrumb\",\"itemListElement\":[{\"@type\":\"ListItem\",\"position\":1,\"name\":\"Kezd\u0151lap\",\"item\":\"https:\\\/\\\/epiteszet.winergy.hu\\\/\"},{\"@type\":\"ListItem\",\"position\":2,\"name\":\"S\u00fcti (Cookie) kezel\u00e9s\"}]},{\"@type\":\"WebSite\",\"@id\":\"https:\\\/\\\/epiteszet.winergy.hu\\\/#website\",\"url\":\"https:\\\/\\\/epiteszet.winergy.hu\\\/\",\"name\":\"epiteszet.winergy.hu\",\"description\":\"Winergy \u00e9p\u00edt\u00e9szet\",\"publisher\":{\"@id\":\"https:\\\/\\\/epiteszet.winergy.hu\\\/#organization\"},\"potentialAction\":[{\"@type\":\"SearchAction\",\"target\":{\"@type\":\"EntryPoint\",\"urlTemplate\":\"https:\\\/\\\/epiteszet.winergy.hu\\\/?s={search_term_string}\"},\"query-input\":{\"@type\":\"PropertyValueSpecification\",\"valueRequired\":true,\"valueName\":\"search_term_string\"}}],\"inLanguage\":\"en-US\"},{\"@type\":\"Organization\",\"@id\":\"https:\\\/\\\/epiteszet.winergy.hu\\\/#organization\",\"name\":\"Winergy \u00c9p\u00edt\u00e9szet\",\"url\":\"https:\\\/\\\/epiteszet.winergy.hu\\\/\",\"logo\":{\"@type\":\"ImageObject\",\"inLanguage\":\"en-US\",\"@id\":\"https:\\\/\\\/epiteszet.winergy.hu\\\/#\\\/schema\\\/logo\\\/image\\\/\",\"url\":\"https:\\\/\\\/epiteszet.winergy.hu\\\/wp-content\\\/uploads\\\/2021\\\/09\\\/logo-epiteszet.svg\",\"contentUrl\":\"https:\\\/\\\/epiteszet.winergy.hu\\\/wp-content\\\/uploads\\\/2021\\\/09\\\/logo-epiteszet.svg\",\"width\":595.2,\"height\":150.5,\"caption\":\"Winergy \u00c9p\u00edt\u00e9szet\"},\"image\":{\"@id\":\"https:\\\/\\\/epiteszet.winergy.hu\\\/#\\\/schema\\\/logo\\\/image\\\/\"},\"sameAs\":[\"https:\\\/\\\/www.facebook.com\\\/winergymernokiroda\",\"https:\\\/\\\/www.instagram.com\\\/winergy_az_energiatudatos_jovo\\\/\",\"https:\\\/\\\/hu.linkedin.com\\\/company\\\/winergy-kft\"]}]}<\/script>\n<!-- \/ Yoast SEO plugin. -->","yoast_head_json":{"title":"S\u00fcti (Cookie) kezel\u00e9s - epiteszet.winergy.hu","robots":{"index":"noindex","follow":"follow"},"og_locale":"en_US","og_type":"article","og_title":"S\u00fcti (Cookie) kezel\u00e9s - epiteszet.winergy.hu","og_description":"S\u00dcTI (COOKIE) KEZEL\u00c9S &nbsp; Ez a weboldal s\u00fctiket haszn\u00e1l. S\u00fctiket haszn\u00e1lunk a tartalmak \u00e9s hirdet\u00e9sek szem\u00e9lyre szab\u00e1s\u00e1hoz, k\u00f6z\u00f6ss\u00e9gi funkci\u00f3k biztos\u00edt\u00e1s\u00e1hoz, valamint weboldalforgalmunk elemz\u00e9s\u00e9hez. Ezenk\u00edv\u00fcl k\u00f6z\u00f6ss\u00e9gi m\u00e9dia-, hirdet\u0151- \u00e9s elemez\u0151 partnereinkkel megosztjuk az \u00d6n weboldalhaszn\u00e1latra vonatkoz\u00f3 adatait, akik kombin\u00e1lhatj\u00e1k az adatokat m\u00e1s olyan adatokkal, amelyeket \u00d6n adott meg sz\u00e1mukra vagy az \u00d6n \u00e1ltal haszn\u00e1lt m\u00e1s szolg\u00e1ltat\u00e1sokb\u00f3l [&hellip;]","og_url":"https:\/\/epiteszet.winergy.hu\/en\/suti-cookie-kezeles\/","og_site_name":"epiteszet.winergy.hu","article_publisher":"https:\/\/www.facebook.com\/winergymernokiroda","article_modified_time":"2022-04-26T12:37:54+00:00","twitter_card":"summary_large_image","twitter_misc":{"Est. reading time":"2 minutes"},"schema":{"@context":"https:\/\/schema.org","@graph":[{"@type":"WebPage","@id":"https:\/\/epiteszet.winergy.hu\/suti-cookie-kezeles\/","url":"https:\/\/epiteszet.winergy.hu\/suti-cookie-kezeles\/","name":"S\u00fcti (Cookie) kezel\u00e9s - epiteszet.winergy.hu","isPartOf":{"@id":"https:\/\/epiteszet.winergy.hu\/#website"},"datePublished":"2021-08-04T15:33:58+00:00","dateModified":"2022-04-26T12:37:54+00:00","breadcrumb":{"@id":"https:\/\/epiteszet.winergy.hu\/suti-cookie-kezeles\/#breadcrumb"},"inLanguage":"en-US","potentialAction":[{"@type":"ReadAction","target":["https:\/\/epiteszet.winergy.hu\/suti-cookie-kezeles\/"]}]},{"@type":"BreadcrumbList","@id":"https:\/\/epiteszet.winergy.hu\/suti-cookie-kezeles\/#breadcrumb","itemListElement":[{"@type":"ListItem","position":1,"name":"Kezd\u0151lap","item":"https:\/\/epiteszet.winergy.hu\/"},{"@type":"ListItem","position":2,"name":"S\u00fcti (Cookie) kezel\u00e9s"}]},{"@type":"WebSite","@id":"https:\/\/epiteszet.winergy.hu\/#website","url":"https:\/\/epiteszet.winergy.hu\/","name":"epiteszet.winergy.hu","description":"Winergy Architecture","publisher":{"@id":"https:\/\/epiteszet.winergy.hu\/#organization"},"potentialAction":[{"@type":"SearchAction","target":{"@type":"EntryPoint","urlTemplate":"https:\/\/epiteszet.winergy.hu\/?s={search_term_string}"},"query-input":{"@type":"PropertyValueSpecification","valueRequired":true,"valueName":"search_term_string"}}],"inLanguage":"en-US"},{"@type":"Organization","@id":"https:\/\/epiteszet.winergy.hu\/#organization","name":"Winergy \u00c9p\u00edt\u00e9szet","url":"https:\/\/epiteszet.winergy.hu\/","logo":{"@type":"ImageObject","inLanguage":"en-US","@id":"https:\/\/epiteszet.winergy.hu\/#\/schema\/logo\/image\/","url":"https:\/\/epiteszet.winergy.hu\/wp-content\/uploads\/2021\/09\/logo-epiteszet.svg","contentUrl":"https:\/\/epiteszet.winergy.hu\/wp-content\/uploads\/2021\/09\/logo-epiteszet.svg","width":595.2,"height":150.5,"caption":"Winergy \u00c9p\u00edt\u00e9szet"},"image":{"@id":"https:\/\/epiteszet.winergy.hu\/#\/schema\/logo\/image\/"},"sameAs":["https:\/\/www.facebook.com\/winergymernokiroda","https:\/\/www.instagram.com\/winergy_az_energiatudatos_jovo\/","https:\/\/hu.linkedin.com\/company\/winergy-kft"]}]}},"_links":{"self":[{"href":"https:\/\/epiteszet.winergy.hu\/en\/wp-json\/wp\/v2\/pages\/311","targetHints":{"allow":["GET"]}}],"collection":[{"href":"https:\/\/epiteszet.winergy.hu\/en\/wp-json\/wp\/v2\/pages"}],"about":[{"href":"https:\/\/epiteszet.winergy.hu\/en\/wp-json\/wp\/v2\/types\/page"}],"author":[{"embeddable":true,"href":"https:\/\/epiteszet.winergy.hu\/en\/wp-json\/wp\/v2\/users\/1"}],"replies":[{"embeddable":true,"href":"https:\/\/epiteszet.winergy.hu\/en\/wp-json\/wp\/v2\/comments?post=311"}],"version-history":[{"count":6,"href":"https:\/\/epiteszet.winergy.hu\/en\/wp-json\/wp\/v2\/pages\/311\/revisions"}],"predecessor-version":[{"id":2350,"href":"https:\/\/epiteszet.winergy.hu\/en\/wp-json\/wp\/v2\/pages\/311\/revisions\/2350"}],"wp:attachment":[{"href":"https:\/\/epiteszet.winergy.hu\/en\/wp-json\/wp\/v2\/media?parent=311"}],"curies":[{"name":"wp","href":"https:\/\/api.w.org\/{rel}","templated":true}]}}