{"id":319,"date":"2021-08-04T15:57:19","date_gmt":"2021-08-04T15:57:19","guid":{"rendered":"https:\/\/epiteszet.winergy.hu\/?page_id=319"},"modified":"2022-04-26T12:37:10","modified_gmt":"2022-04-26T12:37:10","slug":"adatvedelmi-nyilatkozat","status":"publish","type":"page","link":"https:\/\/epiteszet.winergy.hu\/en\/adatvedelmi-nyilatkozat\/","title":{"rendered":"Data Protection Policy"},"content":{"rendered":"[et_pb_section fb_built=&#8221;1&#8243; admin_label=&#8221;Hero Section&#8221; _builder_version=&#8221;3.22&#8243; custom_padding=&#8221;0|0px|0px|0px&#8221;][et_pb_row column_structure=&#8221;1_2,1_2&#8243; use_custom_gutter=&#8221;on&#8221; make_equal=&#8221;on&#8221; _builder_version=&#8221;4.9.10&#8243; width=&#8221;100%&#8221; max_width=&#8221;100%&#8221; custom_padding=&#8221;0px|0|0px|&#8221; use_custom_width=&#8221;on&#8221; width_unit=&#8221;off&#8221; custom_width_percent=&#8221;100%&#8221;][et_pb_column type=&#8221;1_2&#8243; _builder_version=&#8221;3.25&#8243; custom_padding=&#8221;200px|4%|200px|8%&#8221; custom_padding_tablet=&#8221;60px|10%|60px|10%&#8221; custom_padding_phone=&#8221;&#8221; custom_padding_last_edited=&#8221;on|tablet&#8221; padding_tablet=&#8221;60px|10%|60px|10%&#8221; padding_last_edited=&#8221;on|tablet&#8221; custom_padding__hover=&#8221;|||&#8221;][et_pb_text _builder_version=&#8221;4.9.10&#8243; text_font=&#8221;Karla||||||||&#8221; text_font_size=&#8221;18px&#8221; text_line_height=&#8221;1.8em&#8221; header_font=&#8221;Cormorant Garamond||||||||&#8221; header_font_size=&#8221;56px&#8221; header_line_height=&#8221;1.4em&#8221; max_width=&#8221;600px&#8221; header_font_size_tablet=&#8221;40px&#8221; header_font_size_phone=&#8221;&#8221; header_font_size_last_edited=&#8221;on|tablet&#8221; locked=&#8221;off&#8221;]<h1>Data Protection Policy<\/h1>[\/et_pb_text][\/et_pb_column][et_pb_column type=&#8221;1_2&#8243; _builder_version=&#8221;4.9.10&#8243; background_color=&#8221;#121212&#8243; use_background_color_gradient=&#8221;on&#8221; background_color_gradient_start=&#8221;rgba(18,18,18,0.5)&#8221; background_color_gradient_end=&#8221;#121212&#8243; background_color_gradient_overlays_image=&#8221;on&#8221; background_image=&#8221;https:\/\/epiteszet.winergy.hu\/wp-content\/uploads\/2021\/08\/bevasarlokozpont-belteri-latvanyterve.jpg&#8221; custom_padding=&#8221;100px||100px|&#8221; custom_padding_tablet=&#8221;60px||60px|&#8221; custom_padding_phone=&#8221;&#8221; custom_padding_last_edited=&#8221;on|desktop&#8221; padding_tablet=&#8221;60px||60px|&#8221; padding_last_edited=&#8221;on|desktop&#8221; custom_padding__hover=&#8221;|||&#8221;][et_pb_divider show_divider=&#8221;off&#8221; _builder_version=&#8221;3.2&#8243; height=&#8221;100px&#8221;][\/et_pb_divider][\/et_pb_column][\/et_pb_row][\/et_pb_section][et_pb_section fb_built=&#8221;1&#8243; admin_label=&#8221;Services&#8221; _builder_version=&#8221;3.22&#8243; background_color=&#8221;#121212&#8243; custom_padding=&#8221;100px|0px|100px|0px&#8221;][et_pb_row _builder_version=&#8221;4.9.10&#8243; _module_preset=&#8221;default&#8221;][et_pb_column type=&#8221;4_4&#8243; _builder_version=&#8221;4.9.10&#8243; _module_preset=&#8221;default&#8221;][et_pb_text _builder_version=&#8221;4.9.10&#8243; text_font=&#8221;Karla||||||||&#8221; text_font_size=&#8221;18px&#8221; text_line_height=&#8221;1.8em&#8221; header_font=&#8221;Cormorant Garamond||||||||&#8221; header_font_size=&#8221;56px&#8221; header_line_height=&#8221;1.4em&#8221; header_2_font_size=&#8221;20px&#8221; header_3_font_size=&#8221;20px&#8221; hover_enabled=&#8221;0&#8243; header_font_size_tablet=&#8221;40px&#8221; header_font_size_phone=&#8221;&#8221; header_font_size_last_edited=&#8221;on|tablet&#8221; locked=&#8221;off&#8221; sticky_enabled=&#8221;0&#8243;]<div class=\"et_pb_module et_pb_text et_pb_text_1  et_pb_text_align_left et_pb_bg_layout_light\">\n<div class=\"et_pb_text_inner\">\n<h2 style=\"text-align: justify;\"><strong>1. INTRODUCTION<\/strong><\/h2>\n<p style=\"text-align: justify;\" class=\"translation-block\"><strong>Winergy Kft. (Registered office: <a href=\"https:\/\/www.google.hu\/maps\/place\/1032Budapest+Bcsi+t+217.+VII.+emelet+41.+\" target=\"blank\" rel=\"noopener\">1032 Budapest, B\u00e9csi \u00fat 217., 7th floor, Suite 4.<\/a><\/strong><strong>, Tax ID: <span>25708035-2-41<\/span>)<\/strong><strong>, as the data controller<\/strong><span><\/span>, is committed to handling all entrusted data in accordance with this legal notice. The Data Controller's Privacy Policy is continuously available at <a href=\"https:\/\/winergy.hu\/en\/adatvedelmi-nyilatkozat\" target=\"_self\">https:\/\/winergy.hu\/en\/adatvedelmi-nyilatkozat<\/a><span><\/span>.<\/p>\n<p style=\"text-align: justify;\">The Data Controller reserves the right to amend this notice.<\/p>\n<p style=\"text-align: justify;\">The Data Controller respects the informational self-determination rights of its clients. Personal data is handled confidentially, and the Data Controller takes all security, technical, and organizational measures necessary to ensure the safety of the data of its partners and users.<\/p>\n<p style=\"text-align: justify;\">The principles of the Data Controller's data processing comply with the applicable data protection laws, particularly the following legislation:<\/p>\n<p style=\"text-align: justify;\">Act CXII of 2011 on the Right to Informational Self-Determination and Freedom of Information<\/p>\n<p style=\"text-align: justify;\">The Data Controller acknowledges the provisions of the Privacy Policy as binding.<\/p>\n<\/div>\n<\/div>\n<div class=\"et_pb_module et_pb_text et_pb_text_2  et_pb_text_align_left et_pb_bg_layout_light\" style=\"text-align: justify;\">\n<div class=\"et_pb_text_inner\">\n<h2><strong>2. PRINCIPLES OF DATA PROCESSING<\/strong><\/h2>\n<p>The Data Controller only processes personal data if the data subject has given their consent or if processing is required by law or by a municipal regulation based on legal authorization for purposes of public interest (e.g., billing data).<\/p>\n<p>Personal data is only transferred to data controllers or processors located in third countries if the data subject has expressly consented, and adequate protection of personal data is ensured. Data transfers within EU member states are treated as if they occurred within Hungary.<\/p>\n<\/div>\n<\/div>\n<div class=\"et_pb_module et_pb_text et_pb_text_3  et_pb_text_align_left et_pb_bg_layout_light\" style=\"text-align: justify;\">\n<div class=\"et_pb_text_inner\">\n<h2><strong>3. SCOPE, PURPOSE, LEGAL BASIS, AND DURATION OF DATA PROCESSING<\/strong><\/h2>\n<p class=\"translation-block\">The data processing activities of the Data Controller are based on voluntary consent, except for data necessary for invoicing. If the data provider supplies personal data of others, it is their responsibility to obtain the data subject's consent.y<\/p>\n<h3 class=\"translation-block\"><strong>3.1 DATA OF VISITORS TO THE WINERGY.HU WEBSITE<\/strong><\/h3>\n<p>Purpose of processing: Registration is not required on the website. Data received through the contact form (Name, Phone Number, Email Address) is used to facilitate service delivery. These data are not shared with third parties.<\/p>\n<p>Newsletter: Personalized promotional newsletters can be sent to visitors who subscribe.<\/p>\n<p>Legal Basis: The visitor consents to data processing by completing the consent field for services on the website.<\/p>\n<p>Data processed: Date, time, IP address of the user's computer, email address, phone number, website address, company name.<\/p>\n<p>Duration: Data is processed until the provider requests deletion. Data can be deleted via the unsubscribe link in newsletters or through any contact option listed in section 5, either in writing or verbally.<\/p>\n<h3><strong>3.2 OTHER DATA PROCESSING<\/strong><\/h3>\n<p>Information about any data processing not listed here will be provided at the time of data collection.<\/p>\n<p><strong>Use of Cookies<\/strong><\/p>\n<p>A \"cookie\" is a small data package stored on your computer's hard drive by the web server via your browser, which can be later accessed. Only the website that placed the cookie can read it.<\/p>\n<p>To ensure a higher quality of service, we may occasionally use cookies.<\/p>\n<p>Cookies are used for administrative purposes, such as recording your preferences. They may also be used to \"remember\" if you have subscribed to the newsletter or selected options in the Design Program Creator.<\/p>\n<p>Cookies typically expire at the end of a \"visit,\" although some are stored in a cookie file on your computer and expire later. Each cookie has an expiration date. Cookies are stored on a specific browser and computer, so they will not appear if you use another device. Cookies can be deleted at any time by the user.<\/p>\n<p class=\"translation-block\">Cookie Security: <br>\nCookies cannot be used to extract data from your hard drive, obtain your email address, or access personal data. They only store private information if you provide it to the web server. Cookies from external servers cannot be read or stolen.\nCookies do not contain data that allow identification via phone, email, or traditional mail. You can configure your browser to alert you when cookies are placed or to prevent their placement. \n<br>\nCookies cannot transmit viruses.\nIf you wish to disable cookies, you can configure your browser accordingly.<\/p>\n<\/div>\n<\/div>\n<div class=\"et_pb_module et_pb_text et_pb_text_4  et_pb_text_align_left et_pb_bg_layout_light\" style=\"text-align: justify;\">\n<div class=\"et_pb_text_inner\">\n<h2><strong>4. STORAGE AND SECURITY OF PERSONAL DATA<\/strong><\/h2>\n<p>The Data Controller uses IT solutions to ensure that personal data is protected against unauthorized access and computer viruses.<\/p>\n<\/div>\n<\/div>\n<div class=\"et_pb_module et_pb_text et_pb_text_5  et_pb_text_align_left et_pb_bg_layout_light\" style=\"text-align: justify;\">\n<div class=\"et_pb_text_inner\">\n<h2><strong>5. DATA CONTROLLER CONTACT DETAILS<\/strong><\/h2>\n<p>Name: Winergy Kft.<br \/>C\u00edm: <strong><a href=\"https:\/\/www.google.hu\/maps\/place\/1032Budapest+Bcsi+t+217.+VII.+emelet+41.+\" target=\"blank\" rel=\"noopener\">1032 Budapest, B\u00e9csi \u00fat 217, 7th floor, Suite 41,<\/a><\/strong><br \/>E-mail: info@winergy.hu<\/p>\n<\/div>\n<\/div>\n<div class=\"et_pb_module et_pb_text et_pb_text_6  et_pb_text_align_left et_pb_bg_layout_light\" style=\"text-align: justify;\">\n<div class=\"et_pb_text_inner\">\n<h2><strong>6. DATA PROCESSORS AND CONTACT DETAILS<\/strong><\/h2>\n<p>Jelenleg nincsenek.<\/p>\n<p>The Data Controller reserves the right to engage a data processor.<\/p>\n<\/div>\n<\/div>\n<div class=\"et_pb_module et_pb_text et_pb_text_7  et_pb_text_align_left et_pb_bg_layout_light\">\n<div class=\"et_pb_text_inner\">\n<h2 style=\"text-align: justify;\"><strong>7. LEGAL REMEDIES<\/strong><\/h2>\n<p style=\"text-align: justify;\" class=\"translation-block\">Complaints can be filed with the National Authority for Data Protection and Freedom of Information:<\/p>\n<p style=\"text-align: justify;\">Name: National Authority for Data Protection and Freedom of Information<br \/>Address: 1024 Budapest, Szil\u00e1gyi Erzs\u00e9bet fasor 22\/C.<br \/>Website:\u00a0<a href=\"http:\/\/www.naih.hu\/\">http:\/\/www.naih.hu<\/a><\/p>\n<\/div>\n<\/div>[\/et_pb_text][\/et_pb_column][\/et_pb_row][\/et_pb_section]","protected":false},"excerpt":{"rendered":"<p>Adatv\u00e9delmi nyilatkozat 1. BEVEZET\u00c9S A Winergy Kft. (Sz\u00e9khely: 1032 Budapest, B\u00e9csi \u00fat 217. VII. emelet 41., Ad\u00f3sz\u00e1m: 25708035-2-41), mint adatkezel\u0151\u00a0v\u00e1llalja, hogy minden r\u00e1b\u00edzott adatot a jelen jogi k\u00f6zlem\u00e9nyben r\u00e9szletezett m\u00f3don kezel. Az Adatkezel\u0151 adatkezel\u00e9si szab\u00e1lyzata folyamatosan el\u00e9rhet\u0151 https:\/\/winergy.hu\/adatvedelmi-nyilatkozat\u00a0c\u00edmen. Az Adatkezel\u0151 fenntartja mag\u00e1nak a jogot jelen t\u00e1j\u00e9koztat\u00f3 megv\u00e1ltoztat\u00e1s\u00e1ra. Az Adatkezel\u0151 tiszteletben tartja \u00fcgyfelei inform\u00e1ci\u00f3s \u00f6nrendelkez\u00e9si jog\u00e1t. [&hellip;]<\/p>","protected":false},"author":1,"featured_media":0,"parent":0,"menu_order":0,"comment_status":"closed","ping_status":"closed","template":"","meta":{"_et_pb_use_builder":"on","_et_pb_old_content":"","_et_gb_content_width":"","footnotes":""},"class_list":["post-319","page","type-page","status-publish","hentry"],"yoast_head":"<!-- This site is optimized with the Yoast SEO plugin v27.6 - https:\/\/yoast.com\/product\/yoast-seo-wordpress\/ -->\n<title>Adatv\u00e9delmi nyilatkozat - epiteszet.winergy.hu<\/title>\n<meta name=\"robots\" content=\"noindex, follow\" \/>\n<meta property=\"og:locale\" content=\"en_US\" \/>\n<meta property=\"og:type\" content=\"article\" \/>\n<meta property=\"og:title\" content=\"Adatv\u00e9delmi nyilatkozat - epiteszet.winergy.hu\" \/>\n<meta property=\"og:description\" content=\"Adatv\u00e9delmi nyilatkozat 1. BEVEZET\u00c9S A Winergy Kft. (Sz\u00e9khely: 1032 Budapest, B\u00e9csi \u00fat 217. VII. emelet 41., Ad\u00f3sz\u00e1m: 25708035-2-41), mint adatkezel\u0151\u00a0v\u00e1llalja, hogy minden r\u00e1b\u00edzott adatot a jelen jogi k\u00f6zlem\u00e9nyben r\u00e9szletezett m\u00f3don kezel. Az Adatkezel\u0151 adatkezel\u00e9si szab\u00e1lyzata folyamatosan el\u00e9rhet\u0151 https:\/\/winergy.hu\/adatvedelmi-nyilatkozat\u00a0c\u00edmen. Az Adatkezel\u0151 fenntartja mag\u00e1nak a jogot jelen t\u00e1j\u00e9koztat\u00f3 megv\u00e1ltoztat\u00e1s\u00e1ra. Az Adatkezel\u0151 tiszteletben tartja \u00fcgyfelei inform\u00e1ci\u00f3s \u00f6nrendelkez\u00e9si jog\u00e1t. [&hellip;]\" \/>\n<meta property=\"og:url\" content=\"https:\/\/epiteszet.winergy.hu\/en\/adatvedelmi-nyilatkozat\/\" \/>\n<meta property=\"og:site_name\" content=\"epiteszet.winergy.hu\" \/>\n<meta property=\"article:publisher\" content=\"https:\/\/www.facebook.com\/winergymernokiroda\" \/>\n<meta property=\"article:modified_time\" content=\"2022-04-26T12:37:10+00:00\" \/>\n<meta name=\"twitter:card\" content=\"summary_large_image\" \/>\n<meta name=\"twitter:label1\" content=\"Est. reading time\" \/>\n\t<meta name=\"twitter:data1\" content=\"5 minutes\" \/>\n<script type=\"application\/ld+json\" class=\"yoast-schema-graph\">{\"@context\":\"https:\\\/\\\/schema.org\",\"@graph\":[{\"@type\":\"WebPage\",\"@id\":\"https:\\\/\\\/epiteszet.winergy.hu\\\/adatvedelmi-nyilatkozat\\\/\",\"url\":\"https:\\\/\\\/epiteszet.winergy.hu\\\/adatvedelmi-nyilatkozat\\\/\",\"name\":\"Adatv\u00e9delmi nyilatkozat - epiteszet.winergy.hu\",\"isPartOf\":{\"@id\":\"https:\\\/\\\/epiteszet.winergy.hu\\\/#website\"},\"datePublished\":\"2021-08-04T15:57:19+00:00\",\"dateModified\":\"2022-04-26T12:37:10+00:00\",\"breadcrumb\":{\"@id\":\"https:\\\/\\\/epiteszet.winergy.hu\\\/adatvedelmi-nyilatkozat\\\/#breadcrumb\"},\"inLanguage\":\"en-US\",\"potentialAction\":[{\"@type\":\"ReadAction\",\"target\":[\"https:\\\/\\\/epiteszet.winergy.hu\\\/adatvedelmi-nyilatkozat\\\/\"]}]},{\"@type\":\"BreadcrumbList\",\"@id\":\"https:\\\/\\\/epiteszet.winergy.hu\\\/adatvedelmi-nyilatkozat\\\/#breadcrumb\",\"itemListElement\":[{\"@type\":\"ListItem\",\"position\":1,\"name\":\"Kezd\u0151lap\",\"item\":\"https:\\\/\\\/epiteszet.winergy.hu\\\/\"},{\"@type\":\"ListItem\",\"position\":2,\"name\":\"Adatv\u00e9delmi nyilatkozat\"}]},{\"@type\":\"WebSite\",\"@id\":\"https:\\\/\\\/epiteszet.winergy.hu\\\/#website\",\"url\":\"https:\\\/\\\/epiteszet.winergy.hu\\\/\",\"name\":\"epiteszet.winergy.hu\",\"description\":\"Winergy \u00e9p\u00edt\u00e9szet\",\"publisher\":{\"@id\":\"https:\\\/\\\/epiteszet.winergy.hu\\\/#organization\"},\"potentialAction\":[{\"@type\":\"SearchAction\",\"target\":{\"@type\":\"EntryPoint\",\"urlTemplate\":\"https:\\\/\\\/epiteszet.winergy.hu\\\/?s={search_term_string}\"},\"query-input\":{\"@type\":\"PropertyValueSpecification\",\"valueRequired\":true,\"valueName\":\"search_term_string\"}}],\"inLanguage\":\"en-US\"},{\"@type\":\"Organization\",\"@id\":\"https:\\\/\\\/epiteszet.winergy.hu\\\/#organization\",\"name\":\"Winergy \u00c9p\u00edt\u00e9szet\",\"url\":\"https:\\\/\\\/epiteszet.winergy.hu\\\/\",\"logo\":{\"@type\":\"ImageObject\",\"inLanguage\":\"en-US\",\"@id\":\"https:\\\/\\\/epiteszet.winergy.hu\\\/#\\\/schema\\\/logo\\\/image\\\/\",\"url\":\"https:\\\/\\\/epiteszet.winergy.hu\\\/wp-content\\\/uploads\\\/2021\\\/09\\\/logo-epiteszet.svg\",\"contentUrl\":\"https:\\\/\\\/epiteszet.winergy.hu\\\/wp-content\\\/uploads\\\/2021\\\/09\\\/logo-epiteszet.svg\",\"width\":595.2,\"height\":150.5,\"caption\":\"Winergy \u00c9p\u00edt\u00e9szet\"},\"image\":{\"@id\":\"https:\\\/\\\/epiteszet.winergy.hu\\\/#\\\/schema\\\/logo\\\/image\\\/\"},\"sameAs\":[\"https:\\\/\\\/www.facebook.com\\\/winergymernokiroda\",\"https:\\\/\\\/www.instagram.com\\\/winergy_az_energiatudatos_jovo\\\/\",\"https:\\\/\\\/hu.linkedin.com\\\/company\\\/winergy-kft\"]}]}<\/script>\n<!-- \/ Yoast SEO plugin. -->","yoast_head_json":{"title":"Adatv\u00e9delmi nyilatkozat - epiteszet.winergy.hu","robots":{"index":"noindex","follow":"follow"},"og_locale":"en_US","og_type":"article","og_title":"Adatv\u00e9delmi nyilatkozat - epiteszet.winergy.hu","og_description":"Adatv\u00e9delmi nyilatkozat 1. BEVEZET\u00c9S A Winergy Kft. (Sz\u00e9khely: 1032 Budapest, B\u00e9csi \u00fat 217. VII. emelet 41., Ad\u00f3sz\u00e1m: 25708035-2-41), mint adatkezel\u0151\u00a0v\u00e1llalja, hogy minden r\u00e1b\u00edzott adatot a jelen jogi k\u00f6zlem\u00e9nyben r\u00e9szletezett m\u00f3don kezel. Az Adatkezel\u0151 adatkezel\u00e9si szab\u00e1lyzata folyamatosan el\u00e9rhet\u0151 https:\/\/winergy.hu\/adatvedelmi-nyilatkozat\u00a0c\u00edmen. Az Adatkezel\u0151 fenntartja mag\u00e1nak a jogot jelen t\u00e1j\u00e9koztat\u00f3 megv\u00e1ltoztat\u00e1s\u00e1ra. Az Adatkezel\u0151 tiszteletben tartja \u00fcgyfelei inform\u00e1ci\u00f3s \u00f6nrendelkez\u00e9si jog\u00e1t. [&hellip;]","og_url":"https:\/\/epiteszet.winergy.hu\/en\/adatvedelmi-nyilatkozat\/","og_site_name":"epiteszet.winergy.hu","article_publisher":"https:\/\/www.facebook.com\/winergymernokiroda","article_modified_time":"2022-04-26T12:37:10+00:00","twitter_card":"summary_large_image","twitter_misc":{"Est. reading time":"5 minutes"},"schema":{"@context":"https:\/\/schema.org","@graph":[{"@type":"WebPage","@id":"https:\/\/epiteszet.winergy.hu\/adatvedelmi-nyilatkozat\/","url":"https:\/\/epiteszet.winergy.hu\/adatvedelmi-nyilatkozat\/","name":"Adatv\u00e9delmi nyilatkozat - epiteszet.winergy.hu","isPartOf":{"@id":"https:\/\/epiteszet.winergy.hu\/#website"},"datePublished":"2021-08-04T15:57:19+00:00","dateModified":"2022-04-26T12:37:10+00:00","breadcrumb":{"@id":"https:\/\/epiteszet.winergy.hu\/adatvedelmi-nyilatkozat\/#breadcrumb"},"inLanguage":"en-US","potentialAction":[{"@type":"ReadAction","target":["https:\/\/epiteszet.winergy.hu\/adatvedelmi-nyilatkozat\/"]}]},{"@type":"BreadcrumbList","@id":"https:\/\/epiteszet.winergy.hu\/adatvedelmi-nyilatkozat\/#breadcrumb","itemListElement":[{"@type":"ListItem","position":1,"name":"Kezd\u0151lap","item":"https:\/\/epiteszet.winergy.hu\/"},{"@type":"ListItem","position":2,"name":"Adatv\u00e9delmi nyilatkozat"}]},{"@type":"WebSite","@id":"https:\/\/epiteszet.winergy.hu\/#website","url":"https:\/\/epiteszet.winergy.hu\/","name":"epiteszet.winergy.hu","description":"Winergy Architecture","publisher":{"@id":"https:\/\/epiteszet.winergy.hu\/#organization"},"potentialAction":[{"@type":"SearchAction","target":{"@type":"EntryPoint","urlTemplate":"https:\/\/epiteszet.winergy.hu\/?s={search_term_string}"},"query-input":{"@type":"PropertyValueSpecification","valueRequired":true,"valueName":"search_term_string"}}],"inLanguage":"en-US"},{"@type":"Organization","@id":"https:\/\/epiteszet.winergy.hu\/#organization","name":"Winergy \u00c9p\u00edt\u00e9szet","url":"https:\/\/epiteszet.winergy.hu\/","logo":{"@type":"ImageObject","inLanguage":"en-US","@id":"https:\/\/epiteszet.winergy.hu\/#\/schema\/logo\/image\/","url":"https:\/\/epiteszet.winergy.hu\/wp-content\/uploads\/2021\/09\/logo-epiteszet.svg","contentUrl":"https:\/\/epiteszet.winergy.hu\/wp-content\/uploads\/2021\/09\/logo-epiteszet.svg","width":595.2,"height":150.5,"caption":"Winergy \u00c9p\u00edt\u00e9szet"},"image":{"@id":"https:\/\/epiteszet.winergy.hu\/#\/schema\/logo\/image\/"},"sameAs":["https:\/\/www.facebook.com\/winergymernokiroda","https:\/\/www.instagram.com\/winergy_az_energiatudatos_jovo\/","https:\/\/hu.linkedin.com\/company\/winergy-kft"]}]}},"_links":{"self":[{"href":"https:\/\/epiteszet.winergy.hu\/en\/wp-json\/wp\/v2\/pages\/319","targetHints":{"allow":["GET"]}}],"collection":[{"href":"https:\/\/epiteszet.winergy.hu\/en\/wp-json\/wp\/v2\/pages"}],"about":[{"href":"https:\/\/epiteszet.winergy.hu\/en\/wp-json\/wp\/v2\/types\/page"}],"author":[{"embeddable":true,"href":"https:\/\/epiteszet.winergy.hu\/en\/wp-json\/wp\/v2\/users\/1"}],"replies":[{"embeddable":true,"href":"https:\/\/epiteszet.winergy.hu\/en\/wp-json\/wp\/v2\/comments?post=319"}],"version-history":[{"count":5,"href":"https:\/\/epiteszet.winergy.hu\/en\/wp-json\/wp\/v2\/pages\/319\/revisions"}],"predecessor-version":[{"id":2349,"href":"https:\/\/epiteszet.winergy.hu\/en\/wp-json\/wp\/v2\/pages\/319\/revisions\/2349"}],"wp:attachment":[{"href":"https:\/\/epiteszet.winergy.hu\/en\/wp-json\/wp\/v2\/media?parent=319"}],"curies":[{"name":"wp","href":"https:\/\/api.w.org\/{rel}","templated":true}]}}